{"id":2835,"date":"2017-03-08T11:30:53","date_gmt":"2017-03-08T03:30:53","guid":{"rendered":"http:\/\/fbsolution.hk\/cn\/about-us\/"},"modified":"2017-05-08T10:36:51","modified_gmt":"2017-05-08T02:36:51","slug":"about-us","status":"publish","type":"page","link":"https:\/\/fbsolution.hk\/cn\/zh-hans\/about-us\/","title":{"rendered":"\u5173\u4e8e\u6211\u4eec"},"content":{"rendered":"<p>[vc_row content_width=&#8221;grid&#8221; el_class=&#8221;about-us-tabs-wrapper&#8221;][vc_column]<div class=\"eltd-tabs eltd-horizontal-tab  eltd-transparent-tabs clearfix\">\n\t<ul class=\"eltd-tabs-nav\">\n\t\t\t\t\t<li>\n\t\t\t\t<a href=\"#tab-%e6%88%91%e4%bb%ac%e7%9a%84%e5%8e%86%e5%8f%b2\">\n\t\t\t\t\t\u6211\u4eec\u7684\u5386\u53f2\t\t\t\t<\/a>\n\t\t\t <\/li>\n\t\t\t\t\t<li>\n\t\t\t\t<a href=\"#tab-%e6%88%91%e4%bb%ac%e7%9a%84%e4%bb%b7%e5%80%bc%e8%a7%82\">\n\t\t\t\t\t\u6211\u4eec\u7684\u4ef7\u503c\u89c2\t\t\t\t<\/a>\n\t\t\t <\/li>\n\t\t\t\t\t<li>\n\t\t\t\t<a href=\"#tab-%e6%88%91%e4%bb%ac%e7%9a%84%e5%9b%a2%e9%98%9f\">\n\t\t\t\t\t\u6211\u4eec\u7684\u56e2\u961f\t\t\t\t<\/a>\n\t\t\t <\/li>\n\t\t\t\t\t<li>\n\t\t\t\t<a href=\"#tab-%e6%88%91%e4%bb%ac%e7%9a%84%e5%90%88%e4%bd%9c%e4%bc%99%e4%bc%b4\">\n\t\t\t\t\t\u6211\u4eec\u7684\u5408\u4f5c\u4f19\u4f34\t\t\t\t<\/a>\n\t\t\t <\/li>\n\t\t\t\t\t<li>\n\t\t\t\t<a href=\"#tab-%e5%9c%a8%e5%93%aa%e9%87%8c%e6%89%be%e5%88%b0%e6%88%91%e4%bb%ac%ef%bc%9f\">\n\t\t\t\t\t\u5728\u54ea\u91cc\u627e\u5230\u6211\u4eec\uff1f\t\t\t\t<\/a>\n\t\t\t <\/li>\n\t\t\t\t\t\t\t<li class=\"eltd-tab-line\"><\/li>\n\t\t\t<\/ul> \n\t<div class=\"eltd-tab-container\" id=\"tab-%e6%88%91%e4%bb%ac%e7%9a%84%e5%8e%86%e5%8f%b2-322\">\n\t[vc_empty_space][vc_row_inner][vc_column_inner][vc_column_text]1976\u5e74\uff0c\u8def\u6613\u00b7\u4e50\u8fbe\u592b\u5148\u751f(Louis Le Duff)\u5728\u6cd5\u56fd\u5e03\u96f7\u65af\u7279\u5f00\u8bbe\u4e86\u7b2c\u4e00\u5bb6\u6cd5\u5f0f\u4f11\u95f2\u6982\u5ff5\u9910\u5385Brioche Dor\u00e9e\u3002\u5728\u8fd9\u4e00\u6982\u5ff5\u8fc5\u901f\u53d1\u5c55\u540e\uff0c\u70ed\u8877\u4e8e\u5c06\u6cd5\u56fd\u7f8e\u98df\u5e26\u5411\u5168\u4e16\u754c\u7684\u4e50\u8fbe\u592b\u5148\u751f\u63a5\u521b\u7acb\u4e86\u8bb8\u591a\u9910\u5385\u548c\u70d8\u7119\u516c\u53f8\uff0c\u6bd4\u5982Pizza del Arte\u3001La Madeleine\u3001 Le Fournil de Pierre\u3001 Bridor de France\u548c FB Solution\u3002\u4e4b\u540e\u4e50\u8fbe\u592b\u96c6\u56e2\u7ee7\u7eed\u6269\u5f20\uff0c\u6536\u8d2d\u4e86\u7f8e\u56fd\u7684\u5496\u5561\u70d8\u7119\u6982\u5ff5\u5e97 \u2013 Bruegger\u2019s\u3002<br \/>\n[\/vc_column_text][vc_single_image image=&#8221;177&#8243; img_size=&#8221;full&#8221; alignment=&#8221;center&#8221; css=&#8221;.vc_custom_1488950003957{margin-top: 25px !important;margin-bottom: 25px !important;}&#8221;][vc_column_text]<\/p>\n<p style=\"text-align: justify;\">\u51ed\u501f\u4e50\u8fbe\u592b\u5148\u751f\u7684\u773c\u5149\u548c\u51b3\u5fc3\uff0c\u672c\u96c6\u56e2\u76ee\u524d\u5728\u4e16\u754c\u5404\u5730\u5df2\u62e5\u6709\u8d85\u8fc71,960\u5bb6\u9910\u5385\u548c\u9762\u5305\u5e97\uff0c\u904d\u5e03\u6b27\u7f8e\u4e9a\u975e\uff0c\u5168\u4e16\u754c\u5458\u5de5\u8d85\u8fc738,000\u4eba\u3002<br \/>\n2008\u5e74FB Solution Hong Kong\u6210\u7acb\uff0c\u4f5c\u4e3aFB Solution Paris\u7684\u5206\u652f\uff0c\u65e8\u5728\u6ee1\u8db3\u9999\u6e2f\u3001\u6fb3\u95e8\u53ca\u4e2d\u56fd\u5927\u9646\u5e02\u573a\u5bf9\u9ad8\u7aef\u70d8\u7119\u4ea7\u54c1\u7684\u65e5\u76ca\u589e\u957f\u7684\u9700\u6c42\u3002<br \/>\nFB Solution\u90d1\u91cd\u627f\u8bfa\u4e3a\u98df\u54c1\u4e13\u4e1a\u4eba\u58eb\u63d0\u4f9b\u65b9\u4fbf\u7701\u65f6\u7684\u70d8\u7119\u4ea7\u54c1\u3002\u4f5c\u4e3a\u5728\u8fd9\u4e9b\u5e02\u573a\u7684\u4e3b\u8981\u8fdb\u53e3\u5546\u548c\u7ecf\u9500\u5546\uff0c\u6211\u4eec\u4e0e\u8bf8\u591a\u6b27\u6d32\u70d8\u7119\u884c\u4e1a\u7684\u9886\u5bfc\u8005\u5408\u4f5c\uff0c\u6bd4\u5982\u6211\u4eec\u7684\u59d0\u59b9\u516c\u53f8-Bridor de France\u3001\u8457\u540d\u9910\u996e\u516c\u53f8Traiteur de Paris\u3001\u4ee5\u53ca\u6211\u4eec\u7684\u65b0\u4f19\u4f34Terre des Loges-\u4e0e\u6211\u4eec\u5206\u4eab\u5982\u4f55\u7528\u6cd5\u56fd\u4f20\u7edf\u53a8\u827a\u70f9\u996a\u539f\u6c41\u539f\u5473\u7684\u571f\u8c46\u4f73\u80b4\u3002<\/p>\n<blockquote style=\"text-align: center; color: #cb9b2c;\"><p>\u00a0\u201cFB Solution\u627f\u8bfa\u4e3a\u98df\u54c1\u4e13\u4e1a\u4eba\u58eb\u63d0\u4f9b\u65b9\u4fbf\u7701\u65f6\u7684\u4f18\u8d28\u70d8\u7119\u4ea7\u54c1\u201d<\/p><\/blockquote>\n<p style=\"text-align: justify;\">\u6211\u4eec\u8bda\u9080\u60a8\u6765\u4f53\u9a8c\u6211\u4eec\u7684\u4ea7\u54c1\uff1a\u53ef\u9882\u3001\u7279\u8272\u7cd5\u70b9\u3001\u9762\u5305\u3001\u7117\u83dc\u3001\u571f\u8c46\u5236\u54c1\u3001\u96f6\u98df\u3001\u70b9\u5fc3\u3001\u5c0f\u86cb\u7cd5\u3001\u751c\u70b9\uff0c\u8fd8\u6709\u66f4\u591a\u4efb\u60a8\u6311\u9009\u3002<\/p>\n<p>[\/vc_column_text][\/vc_column_inner][\/vc_row_inner]<\/div><div class=\"eltd-tab-container\" id=\"tab-%e6%88%91%e4%bb%ac%e7%9a%84%e4%bb%b7%e5%80%bc%e8%a7%82-625\">\n\t[vc_empty_space][vc_row_inner][vc_column_inner width=&#8221;1\/3&#8243;]<div class=\"eltd-section-title-outer-holder\" style=\"text-align: left\">\n\n\t\n\t\t\t<div class=\"eltd-section-title-title-holder\">\n\t\t\t\t<h2 class=\"eltd-section-title\" style=\"font-family: Libre Baskerville;;;;;;;\">\n\t\t\t\t\u98df\u54c1\u5b89\u5168\u627f\u8bfa\t\t\t\t<\/h2>\n\t\t<\/div>\n\t\n<\/div>[vc_column_text el_class=&#8221;mobile-only&#8221;]<\/p>\n<p style=\"text-align: justify;\">FB Solution \u529b\u6c42\u63d0\u4f9b\u5353\u8d8a\u7684\u9762\u5305\u548c\u9165\u70b9\uff0c\u9075\u4ece\u6700\u4e25\u683c\u7684\u56fd\u9645\u751f\u4ea7\u6807\u51c6\uff1a\u5982HACCP\u3001BRC\u548cIFS\uff0c\u4ee5\u4fdd\u62a4\u6d88\u8d39\u8005\u7684\u5065\u5eb7\u3002\u6240\u6709\u7684\u539f\u6750\u6599\u90fd\u7531 Bridor de France \u548c Traiteur de Paris \u4e25\u683c\u6311\u9009\uff0c\u53ea\u9009\u7528\u65e0\u6dfb\u52a0\u7684\u6cd5\u56fd\u9762\u7c89\u548cAOP\u7ea7\u522b\u7684\u4f18\u8d28\u9ec4\u6cb9\u3002<\/p>\n<p>[\/vc_column_text][\/vc_column_inner][vc_column_inner width=&#8221;1\/3&#8243;]<div class=\"eltd-section-title-outer-holder\" style=\"text-align: left\">\n\n\t\n\t\t\t<div class=\"eltd-section-title-title-holder\">\n\t\t\t\t<h2 class=\"eltd-section-title\" style=\"font-family: Libre Baskerville;;;;;;;\">\n\t\t\t\t\u5c0a\u91cd\u6cd5\u5f0f\u70d8\u7119\u4f20\u7edf\t\t\t\t<\/h2>\n\t\t<\/div>\n\t\n<\/div>[vc_column_text el_class=&#8221;mobile-only&#8221;]<\/p>\n<p style=\"text-align: justify;\">\u6211\u4eec\u7684\u4ea7\u54c1\u4f7f\u7528\u6cd5\u56fd\u4f20\u7edf\u914d\u65b9\uff0c\u5e76\u91c7\u7528\u4e13\u7528\u70d8\u7119\u6280\u672f\uff0c\u6bd4\u5982\u6162\u63c9\u548c\u957f\u65f6\u95f4\u9192\u53d1\uff0c\u53ea\u4e3a\u4e3a\u5ba2\u6237\u63d0\u4f9b\u72ec\u7279\u7684\u8d28\u5730\u548c\u81ea\u7136\u7684\u5473\u9053\uff0c\u5448\u73b0\u4ea7\u54c1\u7684\u4e30\u5bcc\u6027\u3001\u6fc0\u70c8\u6027\u548c\u771f\u5b9e\u6027\u3002<\/p>\n<p>[\/vc_column_text][\/vc_column_inner][vc_column_inner width=&#8221;1\/3&#8243;]<div class=\"eltd-section-title-outer-holder\" style=\"text-align: left\">\n\n\t\n\t\t\t<div class=\"eltd-section-title-title-holder\">\n\t\t\t\t<h2 class=\"eltd-section-title\" style=\"font-family: Libre Baskerville;;;;;;;\">\n\t\t\t\t\u634d\u536b\u548c\u7ef4\u62a4\u7f8e\u98df\t\t\t\t<\/h2>\n\t\t<\/div>\n\t\n<\/div>[vc_column_text el_class=&#8221;mobile-only&#8221;]<\/p>\n<p class=\"p1\"><span class=\"s1\">\u4f5c\u4e3a\u7f8e\u98df\u7684\u5927\u529b\u652f\u6301\u8005\uff0c\u672c\u96c6\u56e2\u4e0eChez Len\u00f4tre-Paris\u5efa\u7acb\u4e86\u8d85\u8fc720\u5e74\u7684\u79ef\u6781\u5408\u4f5c\u4f19\u4f34\u5173\u7cfb\u3002\u4e50\u8fbe\u592b\u96c6\u56e2\u81f4\u529b\u4e8e\u53a8\u5e08\u548c\u7f8e\u98df\uff0c\u8d5e\u52a9\u8bb8\u591a\u4e16\u754c\u5404\u5730\u7684\u8457\u540d\u534f\u4f1a\u3001\u6bd4\u8d5b\u548c\u70f9\u996a\u6d3b\u52a8\uff08\u5982\u6cd5\u56fd\u91cc\u6602\u535a\u53e4\u65af\u70f9\u996a\u5927\u8d5b\uff09\u3002<\/span><\/p>\n<p>[\/vc_column_text][\/vc_column_inner][\/vc_row_inner][vc_row_inner][vc_column_inner width=&#8221;1\/3&#8243;][vc_column_text el_class=&#8221;desktop-only&#8221;]<\/p>\n<p style=\"text-align: justify;\">FB Solution \u529b\u6c42\u63d0\u4f9b\u5353\u8d8a\u7684\u9762\u5305\u548c\u9165\u70b9\uff0c\u9075\u4ece\u6700\u4e25\u683c\u7684\u56fd\u9645\u751f\u4ea7\u6807\u51c6\uff1a\u5982HACCP\u3001BRC\u548cIFS\uff0c\u4ee5\u4fdd\u62a4\u6d88\u8d39\u8005\u7684\u5065\u5eb7\u3002\u6240\u6709\u7684\u539f\u6750\u6599\u90fd\u7531 Bridor de France \u548c Traiteur de Paris \u4e25\u683c\u6311\u9009\uff0c\u53ea\u9009\u7528\u65e0\u6dfb\u52a0\u7684\u6cd5\u56fd\u9762\u7c89\u548cAOP\u7ea7\u522b\u7684\u4f18\u8d28\u9ec4\u6cb9\u3002<\/p>\n<p>[\/vc_column_text][\/vc_column_inner][vc_column_inner width=&#8221;1\/3&#8243;][vc_column_text el_class=&#8221;desktop-only&#8221;]<\/p>\n<p style=\"text-align: justify;\">\u6211\u4eec\u7684\u4ea7\u54c1\u4f7f\u7528\u6cd5\u56fd\u4f20\u7edf\u914d\u65b9\uff0c\u5e76\u91c7\u7528\u4e13\u7528\u70d8\u7119\u6280\u672f\uff0c\u6bd4\u5982\u6162\u63c9\u548c\u957f\u65f6\u95f4\u9192\u53d1\uff0c\u53ea\u4e3a\u4e3a\u5ba2\u6237\u63d0\u4f9b\u72ec\u7279\u7684\u8d28\u5730\u548c\u81ea\u7136\u7684\u5473\u9053\uff0c\u5448\u73b0\u4ea7\u54c1\u7684\u4e30\u5bcc\u6027\u3001\u6fc0\u70c8\u6027\u548c\u771f\u5b9e\u6027\u3002<\/p>\n<p>[\/vc_column_text][\/vc_column_inner][vc_column_inner width=&#8221;1\/3&#8243;][vc_column_text el_class=&#8221;desktop-only&#8221;]<\/p>\n<p class=\"p1\"><span class=\"s1\">\u4f5c\u4e3a\u7f8e\u98df\u7684\u5927\u529b\u652f\u6301\u8005\uff0c\u672c\u96c6\u56e2\u4e0eChez Len\u00f4tre-Paris\u5efa\u7acb\u4e86\u8d85\u8fc720\u5e74\u7684\u79ef\u6781\u5408\u4f5c\u4f19\u4f34\u5173\u7cfb\u3002\u4e50\u8fbe\u592b\u96c6\u56e2\u81f4\u529b\u4e8e\u53a8\u5e08\u548c\u7f8e\u98df\uff0c\u8d5e\u52a9\u8bb8\u591a\u4e16\u754c\u5404\u5730\u7684\u8457\u540d\u534f\u4f1a\u3001\u6bd4\u8d5b\u548c\u70f9\u996a\u6d3b\u52a8\uff08\u5982\u6cd5\u56fd\u91cc\u6602\u535a\u53e4\u65af\u70f9\u996a\u5927\u8d5b\uff09\u3002<\/span><\/p>\n<p>[\/vc_column_text][\/vc_column_inner][\/vc_row_inner]<\/div><div class=\"eltd-tab-container\" id=\"tab-%e6%88%91%e4%bb%ac%e7%9a%84%e5%9b%a2%e9%98%9f-354\">\n\t[vc_empty_space][vc_row_inner][vc_column_inner][vc_single_image image=&#8221;1964&#8243; img_size=&#8221;full&#8221; alignment=&#8221;center&#8221; el_class=&#8221;country hong-kong-only&#8221;][vc_single_image image=&#8221;2991&#8243; img_size=&#8221;full&#8221; alignment=&#8221;center&#8221; el_class=&#8221;country china-only&#8221;][vc_column_text]<\/p>\n<blockquote>\n<p style=\"text-align: center; color: #cb9b2c;\">&#8220;\u6211\u4eec\u5bf9\u81ea\u5df1\u7684\u5de5\u4f5c\u5145\u6ee1\u70ed\u60c5&#8230;&#8221;<\/p>\n<\/blockquote>\n<p style=\"text-align: justify;\">&#8230;a\u4e3a\u5ba2\u6237\u63d0\u4f9b\u9ad8\u8d28\u91cf\u7684\u9762\u5305\u548c\u7cd5\u70b9\u4e0d\u4ec5\u4ec5\u662f\u6211\u4eec\u7684\u4f7f\u547d\uff0c\u66f4\u662f\u6211\u4eec\u7684\u8363\u5e78\u3002<\/p>\n<p>\u5728FB Solution\uff0c\u6211\u4eec\u62e5\u6709\u4ece\u4e1a\u8d85\u8fc720\u5e74\u7684\u4e13\u4e1a\u53a8\u5e08\uff0c\u4ed6\u4eec\u4e50\u4e8e\u4e3a\u5ba2\u6237\u63d0\u4f9b\u652f\u6301\u5e76\u5206\u4eab\u81ea\u5df1\u7684\u7ecf\u9a8c\u3002<br \/>\n\u6211\u4eec\u7684\u9500\u552e\u56e2\u961f\u4ee5\u670d\u52a1\u4e3a\u5bfc\u5411\uff0c\u7ed3\u5408\u4e13\u4e1a\u7684\u70d8\u7119\u57f9\u8bad\u6280\u672f\uff0c\u53ea\u4e3a\u4ece\u521d\u6b21\u4f1a\u6664\u5230\u70d8\u7119\uff0c\u90fd\u80fd\u4e00\u76f4\u4e3a\u60a8\u670d\u52a1\u3002<\/p>\n<p>\u6211\u4eec\u53ef\u4ee5\u4f7f\u7528\u82f1\u8bed\u3001\u7ca4\u8bed\u3001\u666e\u901a\u8bdd\u548c\u6cd5\u8bed\u534f\u52a9\u60a8\u8fdb\u884c\u4ea4\u6d41\u3002<br \/>\n[\/vc_column_text][\/vc_column_inner][\/vc_row_inner]<\/div><div class=\"eltd-tab-container\" id=\"tab-%e6%88%91%e4%bb%ac%e7%9a%84%e5%90%88%e4%bd%9c%e4%bc%99%e4%bc%b4-117\">\n\t<script>\n\tjQuery(document).ready(function($){\n\t\t$('.our-partners-section-wrapper .tabs .tab').on('click', function(){\n\t\t\tif($(this).hasClass('active') ) return;\n\t\t\tvar id = $(this).data('id');\n\t\t\t\n\t\t\t$('.our-partners-section-wrapper .tabs .tab').removeClass('active');\n\t\t\t$(this).addClass('active');\n\t\t\t\n\t\t\t$('.our-partners-section-wrapper .contents .content').hide();\n\t\t\t$('.our-partners-section-wrapper .contents .content.' + id).delay().show();\n\t\t});\n\t});\n<\/script>\n<div class=\"our-partners-section-wrapper\">\n\t\n\t<div class=\"tabs desktop-only\">\n\t\t<div  data-id=\"tab-0\" class=\"active tab tab-0\">Signature lalos<\/div>\n\t\t<div  data-id=\"tab-1\" class=\"tab tab-1\">Len\u00f4tre professionnel<\/div>\n\t\t<div  data-id=\"tab-2\" class=\"tab tab-2\">Terre des Loges<\/div>\n\t\t<div  data-id=\"tab-3\" class=\"tab tab-3\">Traiteur de Paris<\/div>\n\t\t\t<\/div>\n\t\n\t<div class=\"contents\">\n\t\t<div class=\"content tab-0\"> \n\t\t\t<blockquote>\n\t\t\t\t<p><strong>Signature Lalos<\/strong><\/p>\n\t\t\t<\/blockquote>\n\t\t\t<p style=\"text-align: justify;\" class=\"en-only\">Devised by Fr\u00e9d\u00e9ric Lalos, (French Craftsmanship Award-winner for Bakery), a Master Baker in Paris, the \u201cSign\u00e9 Fr\u00e9d\u00e9ric Lalos\u201d range provides a unique bread experience combining tradition and modernity. The authentic nature of the soft, delicately sour dough provides a touch of tradition, while the fine light crispy crust is thoroughly contemporary. It\u2019s bread for our times.<\/p>\n\t\t\t\n\t\t\t<p style=\"text-align: justify;\" class=\"zh-hant-only\">\u7531\u69ae\u7372\u6cd5\u570b\u70d8\u7119\u5de5\u85dd\u734e\u7684\u5df4\u9ece\u70d8\u7119\u5927\u5e2bFrederic Lalos \u8a2d\u8a08\uff0c\u201dSigne Frederic Lalos\u201d \u7cfb\u5217\u7d50\u5408\u4e86\u50b3\u7d71\u53ca\u73fe\u4ee3\u7684\u9eb5\u5305\u7279\u8cea\uff0c\u5e36\u4f86\u7368\u7279\u7684\u9ad4\u9a57\u3002\u5929\u7136\u67d4\u8edf\uff0c\u7279\u88fd\u7684\u9178\u9eb5\u5718\uff0c\u7a81\u986f\u50b3\u7d71\uff0c\u800c\u9999\u8106\u7684\u5916\u5c64\uff0c\u589e\u52a0\u4e86\u73fe\u4ee3\u611f\u3002<\/p>\n\t\t\t\n\t\t\t<p style=\"text-align: justify;\" class=\"zh-hans-only\">\u7531\u5df4\u9ece\u9762\u5305\u5e08\uff08\u56fd\u5bb6\u7ea7\u9762\u5305\u70d8\u57f9\u5de5\u827a\u9996\u5956\u83b7\u5f97\u8005\uff09\u5f17\u96f7\u5fb7\u91cc\u514b\u00b7\u62c9\u6d1b\u65af(Fr\u00e9d\u00e9ric Lalos)\u7814\u5236\uff0c\u62c9\u6d1b\u65af\u51fa\u54c1(Sign\u00e9 Lalos)\u662f\u5177\u6709\u4f20\u7edf\u4e0e\u73b0\u4ee3\u76f8\u7ed3\u5408\u7684\u72ec\u7279\u4f53\u9a8c\u7684\u4e00\u7cfb\u5217\u4ea7\u54c1\u3002\u4f20\u7edf\u8868\u8fbe\u6765\u81ea\u4e8e\u6b63\u5b97\u7684\u9762\u5305\u5fc3\u7684\u67d4\u8f6f\u3001\u6de1\u6de1\u7684\u9178\u9175\uff0c\u73b0\u4ee3\u5219\u6e90\u4e8e\u7ec6\u817b\u800c\u677e\u8106\u7684\u9762\u5305\u76ae\uff0c\u8fd9\u6b63\u662f\u5f53\u4ee3\u9762\u5305\u7684\u8be0\u91ca\u3002<\/p>\n\t\t\t\n\t\t\t<img src=\"\/cn\/wp-content\/uploads\/2017\/04\/professional-recipes-copy.jpg\"\/>\n\t\t<\/div>\n\t\t<div  class=\"content tab-1\">\n\t\t\t<blockquote>\n\t\t\t\t<p><strong>Len\u00f4tre Professionnel<\/strong><\/p>\n\t\t\t<\/blockquote>\n\t\t\t<p style=\"text-align: justify;\" class=\"en-only\" >UNE RECETTE LEN\u00d4TRE PROFESSIONNEL, the very best in French baking to serve hotel and catering professionals, featuring a choice of 26 recipes crafted by master bakers at the Len\u00f4tre School in Paris and manufactured by BRIDOR at Servon-sur-Vilaine, near Rennes in Brittany, France. Each of these excellent frozen bakery recipes is made using top-quality ingredients. The recipes are brimming with fine, delicate flavours. Each manufacturing batch is controlled by the LEN\u00d4TRE quality department \u2013 a guarantee of compliance and excellence.<\/p>\n\t\t\t\n\t\t\t<p style=\"text-align: justify;\" class=\"zh-hant-only\">UNE RECETTE LENOTRE PROFESSIONNEL \u662f\u6cd5\u570b\u4e00\u6d41\u7684\u70d8\u7119\u6a5f\u69cb\uff0c\u70ba\u9152\u5e97\u53ca\u98f2\u98df\u696d\u63d0\u4f9b\u7522\u54c1\u3002\u670926\u6b3e\u98df\u8b5c\u662f\u7531Lenotre \u5b78\u6821\u7684\u5e2b\u5085\u8a2d\u8a08\uff0c\u4e26\u7531Bridor \u751f\u7522\uff0c\u6240\u6709\u51b7\u51cd\u98df\u8b5c\u7686\u63a1\u7528\u9ad8\u54c1\u8cea\u7684\u6750\u6599\uff0c\u7f8e\u5473\u53ef\u53e3\u3002\u6240\u6709\u751f\u7522\u5747\u7531LENOTRE\u7684\u54c1\u8cea\u76e3\u63a7\u90e8\u9580\u76e3\u63a7\uff0c\u4fdd\u8a3c\u54c1\u8cea\u7b26\u5408\u898f\u683c\u3002<\/p>\n\t\t\t\n\t\t\t<p style=\"text-align: justify;\" class=\"zh-hans-only\">LEN\u00d4TRE\u4e13\u4e1a\u98df\u8c31\uff0c\u6765\u81ea\u670d\u52a1\u4e8e\u9152\u5e97\u53ca\u9910\u996e\u754c\u4e13\u4e1a\u4eba\u58eb\u7684\u6cd5\u56fd\u6700\u9876\u5c16\u9762\u5305\u623f\uff0c\u62e5\u6709\u591a\u8fbe26\u79cd\u7cbe\u9009\u98df\u8c31\uff0c\u5747\u7531\u5df4\u9ece\u7684\u6cd5\u56fd\u52d2\u8bfa\u7279\u53a8\u827a\u5b66\u6821 (Len\u00f4tre School)\u7684\u9762\u5305\u5e08\u5085\u7cbe\u5fc3\u7814\u5236\uff0c\u7531\u5750\u843d\u5728\u6cd5\u56fd\u5e03\u5217\u5854\u5c3c\u96f7\u6069\u9644\u8fd1\u7684Bridor\u5de5\u5382\u751f\u4ea7\u3002\u6bcf\u4e2a\u51b7\u51bb\u9762\u5305\u7684\u914d\u65b9\u90fd\u9009\u7528\u6700\u4f18\u8d28\u539f\u6750\u6599\uff0c\u5145\u76c8\u7740\u7cbe\u81f4\u548c\u7ec6\u817b\u7684\u53e3\u5473\u3002\u6bcf\u4e2a\u751f\u4ea7\u8fc7\u7a0b\u90fd\u7ecf\u8fc7Len\u00f4tre\u8d28\u91cf\u670d\u52a1\u90e8\u95e8\u7684\u76d1\u63a7\uff0c\u4fdd\u8bc1\u4ea7\u54c1\u7684\u5408\u89c4\u6027\u548c\u5353\u8d8a\u54c1\u8d28\u3002 <\/p>\n\t\t\t\n\t\t\t<img src=\"\/cn\/wp-content\/uploads\/2017\/04\/professional-recipes-copy-2.jpg\"\/>\n\t\t<\/div>\n\t\t\n\t\t<div class=\"content tab-2\">\n\t\t\t<blockquote>\n\t\t\t\t<p><strong>Terre des Loges<\/strong><\/p>\n\t\t\t<\/blockquote>\n\t\t\t<p style=\"text-align: justify;\" class=\"en-only\">TERRE DES LOGES is located in Agen, in the heart of the South-West region of France. For more than 15 years, Terre des Loges has been creating and reinventing deep frozen recipes made from potatoes or cooked vegetables. Working in partnership with Andr\u00e9e Rosier, Michelin starred chef and the first woman to have gained the title of Meilleur Ouvrier de France Cuisine 2007, Terre des Loges draws inspiration from the French culinary traditions to develop innovative and delicious products.<\/p>\n\t\t\t<p style=\"text-align: justify;\" class=\"zh-hant-only\">TERRE DES LOGES\u4f4d\u65bc\u963f\u8b93\uff0c\u5728\u6cd5\u570b\u897f\u5357\u90e8\u5730\u5340\u7684\u4e2d\u5fc3\u3002\n\t\t\t\t15\u591a\u5e74\u4f86\uff0c Terre des Loges\u4e00\u76f4\u81f4\u529b\u5275\u9020\u53ca\u7814\u767c\u5404\u7a2e\u99ac\u9234\u85af\u53ca\u5df2\u719f\u852c\u83dc\u7684\u96ea\u85cf\u98df\u8b5c\u3002\n\t\t\t\t\u900f\u904e\u8207\u7c73\u829d\u84ee\u661f\u7d1a\u5eda\u5e2bAndr\u00e9e Rosier\u5408\u4f5c \u2500 \u7b2c\u4e00\u4f4d\u69ae\u7372\u6cd5\u570b\u570b\u5bb6\u9812\u6388MOF (Meilleur Ouvrier de France Cuisine 2007)\u540d\u929c \u7684\u5973\u5eda\u5e2b\uff0cTerre des Loges \u5728\u5275\u9020\u4e0d\u540c\u985e\u578b\u7684\u7522\u54c1\u6642\uff0c\u56e0\u800c\u5f97\u5230\u4e86\u5f88\u591a\u4f86\u81ea\u50b3\u7d71\u6cd5\u570b\u83dc\u8272\u7684\u65b0\u9748\u611f\uff0c\u7814\u88fd\u51fa\u5275\u65b0\u800c\u7f8e\u5473\u7684\u98df\u54c1\u3002\n\t\t\t<\/p>\n\t\t\t<br\/>\n\t\t\t<img src=\"\/cn\/wp-content\/uploads\/2017\/04\/tdl.jpg\"\/>\n\t\t<\/div>\n\t\t\n\t\t<div class=\"content tab-3\">\n\t\t\t<blockquote>\n\t\t\t\t<p><strong>Traiteur de Paris <\/strong><\/p>\n\t\t\t<\/blockquote>\n\t\t\t<p style=\"text-align: justify;\" class=\"en-only\">Available from all catering delivery-distributors in France, this range offers a wide selection of sweet and savoury products in miniature or individual portions. With sweet or savoury canap\u00e9s, starters, accompaniments, sauces and desserts, this range is designed for all catering professionals.\n\t\t\tThis line was specially design to save you some time and facilitate your job by offering only artisanal and customizable products that guarantee a portion cost control.<\/p>\n\t\t\t\n\t\t\t<p style=\"text-align: justify;\" class=\"zh-hant-only\">\n\t\t\t\u63d0\u4f9b\u591a\u7a2e\u751c\u9ede\u53ca\u9e79\u9ede\u7522\u54c1\uff0c\u6709\u8ff7\u4f60\u7cbe\u7dfb\u6216\u4e00\u822c\u666e\u901a\u4efd\u91cf\u3002\u70ba\u9910\u98f2\u696d\u7684\u5c08\u696d\u4eba\u58eb\u63d0\u4f9b\u5404\u985e\u751c\u3001\u9e79\u3001\u4e00\u53e3\u5c0f\u5403\u3001\u8336\u9ede\u3001\u91ac\u6c41\u53ca\u751c\u54c1\u3002\u9019\u500b\u7cfb\u5217\u53ef\u52a9\u4f60\u7701\u6642\u53ca\u6709\u66f4\u591a\u6642\u9593\u88dd\u98fe\u53ca\u8a2d\u8a08\u64fa\u789f\uff0c\u540c\u6642\u6613\u65bc\u63a7\u5236\u4efd\u91cf\u7684\u6210\u672c\u3002\n\t\t\t<\/p>\n\t\t\t<p style=\"text-align: justify;\" class=\"zh-hans-only\">\n\t\t\t\u6cd5\u56fd\u6240\u6709\u9910\u996e\u5206\u9500\u5546\u90fd\u5728\u9500\u552e\u6b64\u7cfb\u5217\u4ea7\u54c1\uff0c\u9009\u62e9\u591a\u6837\uff0c\u6709\u751c\u5473\u548c\u54b8\u5473\uff0c\u6709\u8ff7\u4f60\u4efd\u548c\u5355\u4eba\u4efd\u3002\u8fd9\u4e9b\u751c\u5473\u6216\u54b8\u5473\u5c0f\u5403\uff0c\u5f00\u80c3\u83dc\uff0c\u914d\u83dc\uff0c\u9171\u6c41\u548c\u751c\u70b9\u662f\u4e3a\u6240\u6709\u9910\u996e\u4e13\u5bb6\u91cf\u8eab\u8bbe\u8ba1\u7684\u3002\u4e3a\u4e86\u8282\u7701\u60a8\u7684\u65f6\u95f4\uff0c\u65b9\u4fbf\u60a8\u7684\u5de5\u4f5c\uff0c\u5546\u5bb6\u63d0\u4f9b\u7eaf\u624b\u5de5\u7684\u5b9a\u5236\u4ea7\u54c1\u4ee5\u786e\u4fdd\u60a8\u7684\u6210\u672c\u63a7\u5236\u3002\n\t\t\t<\/p>\n\t\t\t<br\/>\n\t\t\t<img src=\"\/cn\/wp-content\/uploads\/2017\/04\/tdp.jpg\"\/>\n\t\t<\/div>\t\t\n\t\t\n\t\t\n\t\t\n\t<\/div>\n\t\n\t<div class=\"clearfix\"><\/div>\n<\/div><\/div><div class=\"eltd-tab-container\" id=\"tab-%e5%9c%a8%e5%93%aa%e9%87%8c%e6%89%be%e5%88%b0%e6%88%91%e4%bb%ac%ef%bc%9f-419\">\n\t[vc_column_text]\u77e5\u540d\u822a\u7a7a\u516c\u53f8<br \/>\n\u77e5\u540d\u8fde\u9501\u9152\u5e97<br \/>\n\u77e5\u540d\u8fde\u9501\u5496\u5561\u5e97<br \/>\n\u56fd\u9645\u96f6\u552e\u548c\u6279\u53d1\u8fde\u9501\u5e97<br \/>\n\u8d5e\u52a9\u7684\u56fd\u9645\u6d3b\u52a8<br \/>\n\u5168\u7403\u7c73\u5176\u6797\u661f\u7ea7\u9910\u5385[\/vc_column_text]<\/div><\/div>[\/vc_column][\/vc_row]<\/p>\n","protected":false},"excerpt":{"rendered":"<p>[vc_row content_width=&#8221;grid&#8221; el_c&#8230;<\/p>\n","protected":false},"author":1,"featured_media":0,"parent":0,"menu_order":0,"comment_status":"closed","ping_status":"closed","template":"full-width.php","meta":[],"yst_prominent_words":[],"_links":{"self":[{"href":"https:\/\/fbsolution.hk\/cn\/zh-hans\/wp-json\/wp\/v2\/pages\/2835\/"}],"collection":[{"href":"https:\/\/fbsolution.hk\/cn\/zh-hans\/wp-json\/wp\/v2\/pages\/"}],"about":[{"href":"https:\/\/fbsolution.hk\/cn\/zh-hans\/wp-json\/wp\/v2\/types\/page\/"}],"author":[{"embeddable":true,"href":"https:\/\/fbsolution.hk\/cn\/zh-hans\/wp-json\/wp\/v2\/users\/1\/"}],"replies":[{"embeddable":true,"href":"https:\/\/fbsolution.hk\/cn\/zh-hans\/wp-json\/wp\/v2\/comments\/?post=2835"}],"version-history":[{"count":7,"href":"https:\/\/fbsolution.hk\/cn\/zh-hans\/wp-json\/wp\/v2\/pages\/2835\/revisions\/"}],"predecessor-version":[{"id":3336,"href":"https:\/\/fbsolution.hk\/cn\/zh-hans\/wp-json\/wp\/v2\/pages\/2835\/revisions\/3336\/"}],"wp:attachment":[{"href":"https:\/\/fbsolution.hk\/cn\/zh-hans\/wp-json\/wp\/v2\/media\/?parent=2835"}],"wp:term":[{"taxonomy":"yst_prominent_words","embeddable":true,"href":"https:\/\/fbsolution.hk\/cn\/zh-hans\/wp-json\/wp\/v2\/yst_prominent_words\/?post=2835"}],"curies":[{"name":"wp","href":"https:\/\/api.w.org\/{rel}","templated":true}]}}