{"id":5302,"date":"2019-02-11T10:56:46","date_gmt":"2019-02-11T02:56:46","guid":{"rendered":"http:\/\/fbsolution.hk\/tw\/?page_id=5302"},"modified":"2019-02-12T10:59:44","modified_gmt":"2019-02-12T02:59:44","slug":"why-choose-us-tw","status":"publish","type":"page","link":"https:\/\/fbsolution.hk\/tw\/why-choose-us-tw\/","title":{"rendered":"Why Choose Us"},"content":{"rendered":"<p>[vc_row content_width=&#8221;grid&#8221; el_class=&#8221;why-choose-us-wrapper&#8221;][vc_column]<div class=\"eltd-tabs eltd-vertical-tab  eltd-transparent-tabs clearfix\">\n\t<ul class=\"eltd-tabs-nav\">\n\t\t\t\t\t<li>\n\t\t\t\t<a href=\"#tab-respect-for-tradition\">\n\t\t\t\t\tRespect for tradition\t\t\t\t<\/a>\n\t\t\t <\/li>\n\t\t\t\t\t<li>\n\t\t\t\t<a href=\"#tab-carefully-selected-raw-materials\">\n\t\t\t\t\tCarefully selected raw materials\t\t\t\t<\/a>\n\t\t\t <\/li>\n\t\t\t\t\t<li>\n\t\t\t\t<a href=\"#tab-convenience\">\n\t\t\t\t\tConvenience\t\t\t\t<\/a>\n\t\t\t <\/li>\n\t\t\t\t\t<li>\n\t\t\t\t<a href=\"#tab-professional-recipes\">\n\t\t\t\t\tProfessional recipes\t\t\t\t<\/a>\n\t\t\t <\/li>\n\t\t\t\t\t<li>\n\t\t\t\t<a href=\"#tab-strong-commiment-to-safety\">\n\t\t\t\t\tStrong commiment to safety\t\t\t\t<\/a>\n\t\t\t <\/li>\n\t\t\t\t\t<li>\n\t\t\t\t<a href=\"#tab-technical-supports\">\n\t\t\t\t\tTechnical supports\t\t\t\t<\/a>\n\t\t\t <\/li>\n\t\t\t\t\t<li>\n\t\t\t\t<a href=\"#tab-new-products-every-season\">\n\t\t\t\t\tNew products every season\t\t\t\t<\/a>\n\t\t\t <\/li>\n\t\t\t\t\t<li>\n\t\t\t\t<a href=\"#tab-awards\">\n\t\t\t\t\tAwards\t\t\t\t<\/a>\n\t\t\t <\/li>\n\t\t\t\t\t\t\t<li class=\"eltd-tab-line\"><\/li>\n\t\t\t<\/ul> \n\t<div class=\"eltd-tab-container\" id=\"tab-respect-for-tradition-674\">\n\t[vc_row_inner][vc_column_inner]<div class=\"eltd-section-title-outer-holder\" style=\"text-align: left\">\n\n\t\n\t\t\t<div class=\"eltd-section-title-title-holder\">\n\t\t\t\t<h2 class=\"eltd-section-title\" style=\";;;;;;;\">\n\t\t\t\tRespect for tradition\t\t\t\t<\/h2>\n\t\t<\/div>\n\t\n<\/div>[vc_column_text]<\/p>\n<p style=\"text-align: justify;\">Our selection of breads and pastries are created under a French baking artisanal production, that combines slow kneading and long resting times to get texture, natural aroma, complex, intense and authentic flavours.<\/p>\n<p>[\/vc_column_text][\/vc_column_inner][\/vc_row_inner]<\/div><div class=\"eltd-tab-container\" id=\"tab-carefully-selected-raw-materials-77\">\n\t<div class=\"eltd-section-title-outer-holder\" style=\"text-align: left\">\n\n\t\n\t\t\t<div class=\"eltd-section-title-title-holder\">\n\t\t\t\t<h2 class=\"eltd-section-title\" style=\";;;;;;;\">\n\t\t\t\tCarefully selected raw materials\t\t\t\t<\/h2>\n\t\t<\/div>\n\t\n<\/div>[vc_column_text]<\/p>\n<p style=\"text-align: justify;\">One of our secrets of our products is their raw materials that are rigorously selected by Bridor de France and Traiteur de Paris, using only French flour without additives, fine butter Charentes Poitou AOP, Belgian chocolate and a selection of fresh fruits, herbs, and spices from the top main world producers.<\/p>\n<p>[\/vc_column_text][vc_single_image image=&#8221;3231&#8243; img_size=&#8221;full&#8221; alignment=&#8221;center&#8221; css=&#8221;.vc_custom_1493716792576{margin-top: 15px !important;}&#8221;]<\/div><div class=\"eltd-tab-container\" id=\"tab-convenience-686\">\n\t<div class=\"eltd-section-title-outer-holder\" style=\"text-align: left\">\n\n\t\n\t\t\t<div class=\"eltd-section-title-title-holder\">\n\t\t\t\t<h2 class=\"eltd-section-title\" style=\";;;;;;;\">\n\t\t\t\tConvenience\t\t\t\t<\/h2>\n\t\t<\/div>\n\t\n<\/div>[vc_column_text]<\/p>\n<p style=\"text-align: justify;\">Thinking on to facilitate the work load in the kitchen, all our products are only one step from the final presentation. They come in a frozen ready to proof, or proofed and egg-washed for pastries, or 80% pre-baked for breads. While for the desserts, just need to defrost and plate, so you get an ideal solution for time time saving and food cost optimisation.<\/p>\n<p>[\/vc_column_text]<\/div><div class=\"eltd-tab-container\" id=\"tab-professional-recipes-655\">\n\t<div class=\"eltd-section-title-outer-holder\" style=\"text-align: left\">\n\n\t\n\t\t\t<div class=\"eltd-section-title-title-holder\">\n\t\t\t\t<h2 class=\"eltd-section-title\" style=\";;;;;;;\">\n\t\t\t\tProfessional recipes\t\t\t\t<\/h2>\n\t\t<\/div>\n\t\n<\/div>[vc_column_text]<\/p>\n<p style=\"text-align: justify;\">We are proud of distribute products crafted by master bakers at the Len\u00f4tre School in Paris, MOF Chef Fr\u00e9d\u00e9ric Lalos and 3-Michelin Star Chef Alain Passard.<\/p>\n<p>[\/vc_column_text][vc_single_image image=&#8221;3234&#8243; img_size=&#8221;full&#8221; alignment=&#8221;center&#8221; css=&#8221;.vc_custom_1493716901110{margin-top: 15px !important;}&#8221;]<\/div><div class=\"eltd-tab-container\" id=\"tab-strong-commiment-to-safety-497\">\n\t<div class=\"eltd-section-title-outer-holder\" style=\"text-align: left\">\n\n\t\n\t\t\t<div class=\"eltd-section-title-title-holder\">\n\t\t\t\t<h2 class=\"eltd-section-title\" style=\";;;;;;;\">\n\t\t\t\tStrong commitment to safety\t\t\t\t<\/h2>\n\t\t<\/div>\n\t\n<\/div>[vc_column_text]<\/p>\n<p style=\"text-align: justify;\">For safeguard the health of your customers, all our products meet the strictest food standards such as British Retail Consortium Global Standards [BRC], Hazard Critical Control Points [HACCP] and International Food Standards [IFS].<\/p>\n<p>[\/vc_column_text][vc_single_image image=&#8221;3237&#8243; img_size=&#8221;full&#8221; alignment=&#8221;center&#8221; css=&#8221;.vc_custom_1493716921078{margin-top: 15px !important;}&#8221;]<\/div><div class=\"eltd-tab-container\" id=\"tab-technical-supports-210\">\n\t<div class=\"eltd-section-title-outer-holder\" style=\"text-align: left\">\n\n\t\n\t\t\t<div class=\"eltd-section-title-title-holder\">\n\t\t\t\t<h2 class=\"eltd-section-title\" style=\";;;;;;;\">\n\t\t\t\tTechnical supports\t\t\t\t<\/h2>\n\t\t<\/div>\n\t\n<\/div>[vc_column_text]<\/p>\n<p style=\"text-align: justify;\">Our Chef Bakers and Corporate Chef will assist you closely from the first baking until the display of your products, and on your daily operation.<\/p>\n<p>[\/vc_column_text]<\/div><div class=\"eltd-tab-container\" id=\"tab-new-products-every-season-867\">\n\t<div class=\"eltd-section-title-outer-holder\" style=\"text-align: left\">\n\n\t\n\t\t\t<div class=\"eltd-section-title-title-holder\">\n\t\t\t\t<h2 class=\"eltd-section-title\" style=\";;;;;;;\">\n\t\t\t\tNew products every season\t\t\t\t<\/h2>\n\t\t<\/div>\n\t\n<\/div>[vc_column_text]<\/p>\n<p style=\"text-align: justify;\">Every season, we expand our bakery products with new culinary trends and explore new flavours and textures. All our products are selected for fulfilling the needs and preferences for both European and Asian palates.<\/p>\n<p>[\/vc_column_text]<\/div><div class=\"eltd-tab-container\" id=\"tab-awards-411\">\n\t<div class=\"eltd-section-title-outer-holder\" style=\"text-align: left\">\n\n\t\n\t\t\t<div class=\"eltd-section-title-title-holder\">\n\t\t\t\t<h2 class=\"eltd-section-title\" style=\";;;;;;;\">\n\t\t\t\tAwards\t\t\t\t<\/h2>\n\t\t<\/div>\n\t\n<\/div>[vc_column_text]<\/p>\n<p style=\"text-align: justify;\">Our croissant has won several international awards, including the best croissant in Hong Kong in 2012 for its beautiful layers and buttery taste. In France, Bridor holds several awards on best bakery products for Food Service by Saveur de L&#8217;ann\u00e9e.<\/p>\n<p>[\/vc_column_text][vc_single_image image=&#8221;221&#8243; img_size=&#8221;full&#8221; alignment=&#8221;center&#8221; css=&#8221;.vc_custom_1489047802407{margin-top: 15px !important;}&#8221;]<\/div><\/div>[vc_single_image image=&#8221;2872&#8243; img_size=&#8221;full&#8221; css=&#8221;.vc_custom_1492661638673{margin-top: 25px !important;}&#8221;][\/vc_column][\/vc_row]<\/p>\n","protected":false},"excerpt":{"rendered":"<p>[vc_row content_width=&#8221;grid&#8221; el_class=&#8221;why-choose-us-wrapper&#8221;][vc_column][vc_single_image image=&#8221;2872&#8243; img_size=&#8221;full&#8221; css=&#8221;.vc_custom_1492661638673{margin-top: 25px !important;}&#8221;][\/vc_column][\/vc_row]<\/p>\n","protected":false},"author":1,"featured_media":0,"parent":0,"menu_order":0,"comment_status":"closed","ping_status":"closed","template":"","meta":[],"yst_prominent_words":[260,267,270,257,263,266,271,264,256,268,265,85,262,254,255,269,258,261,259],"_links":{"self":[{"href":"https:\/\/fbsolution.hk\/tw\/wp-json\/wp\/v2\/pages\/5302"}],"collection":[{"href":"https:\/\/fbsolution.hk\/tw\/wp-json\/wp\/v2\/pages"}],"about":[{"href":"https:\/\/fbsolution.hk\/tw\/wp-json\/wp\/v2\/types\/page"}],"author":[{"embeddable":true,"href":"https:\/\/fbsolution.hk\/tw\/wp-json\/wp\/v2\/users\/1"}],"replies":[{"embeddable":true,"href":"https:\/\/fbsolution.hk\/tw\/wp-json\/wp\/v2\/comments?post=5302"}],"version-history":[{"count":1,"href":"https:\/\/fbsolution.hk\/tw\/wp-json\/wp\/v2\/pages\/5302\/revisions"}],"predecessor-version":[{"id":5303,"href":"https:\/\/fbsolution.hk\/tw\/wp-json\/wp\/v2\/pages\/5302\/revisions\/5303"}],"wp:attachment":[{"href":"https:\/\/fbsolution.hk\/tw\/wp-json\/wp\/v2\/media?parent=5302"}],"wp:term":[{"taxonomy":"yst_prominent_words","embeddable":true,"href":"https:\/\/fbsolution.hk\/tw\/wp-json\/wp\/v2\/yst_prominent_words?post=5302"}],"curies":[{"name":"wp","href":"https:\/\/api.w.org\/{rel}","templated":true}]}}